{"id":652,"date":"2021-11-29T09:54:12","date_gmt":"2021-11-29T06:54:12","guid":{"rendered":"http:\/\/studyoweb.com\/mgs\/?post_type=product&#038;p=652"},"modified":"2021-11-29T09:54:12","modified_gmt":"2021-11-29T06:54:12","slug":"acma-bobini-gv7as207","status":"publish","type":"product","link":"https:\/\/mgselektronik.com\/en\/urun\/acma-bobini-gv7as207\/","title":{"rendered":"A\u00c7MA BOB\u0130N\u0130 GV7AS207"},"content":{"rendered":"<p><\/p>\n","protected":false},"excerpt":{"rendered":"","protected":false},"featured_media":653,"template":"","meta":[],"product_cat":[33,22],"product_tag":[],"_links":{"self":[{"href":"https:\/\/mgselektronik.com\/en\/wp-json\/wp\/v2\/product\/652"}],"collection":[{"href":"https:\/\/mgselektronik.com\/en\/wp-json\/wp\/v2\/product"}],"about":[{"href":"https:\/\/mgselektronik.com\/en\/wp-json\/wp\/v2\/types\/product"}],"wp:featuredmedia":[{"embeddable":true,"href":"https:\/\/mgselektronik.com\/en\/wp-json\/wp\/v2\/media\/653"}],"wp:attachment":[{"href":"https:\/\/mgselektronik.com\/en\/wp-json\/wp\/v2\/media?parent=652"}],"wp:term":[{"taxonomy":"product_cat","embeddable":true,"href":"https:\/\/mgselektronik.com\/en\/wp-json\/wp\/v2\/product_cat?post=652"},{"taxonomy":"product_tag","embeddable":true,"href":"https:\/\/mgselektronik.com\/en\/wp-json\/wp\/v2\/product_tag?post=652"}],"curies":[{"name":"wp","href":"https:\/\/api.w.org\/{rel}","templated":true}]}}