{"id":631,"date":"2021-11-29T09:30:18","date_gmt":"2021-11-29T06:30:18","guid":{"rendered":"http:\/\/studyoweb.com\/mgs\/?post_type=product&#038;p=631"},"modified":"2021-11-29T09:30:18","modified_gmt":"2021-11-29T06:30:18","slug":"fleetguard-dis-hava-filtresi-af26395","status":"publish","type":"product","link":"https:\/\/mgselektronik.com\/en\/urun\/fleetguard-dis-hava-filtresi-af26395\/","title":{"rendered":"FLEETGUARD DI\u015e HAVA F\u0130LTRES\u0130 AF26395"},"content":{"rendered":"<p><\/p>\n","protected":false},"excerpt":{"rendered":"","protected":false},"featured_media":632,"template":"","meta":[],"product_cat":[35,22],"product_tag":[],"_links":{"self":[{"href":"https:\/\/mgselektronik.com\/en\/wp-json\/wp\/v2\/product\/631"}],"collection":[{"href":"https:\/\/mgselektronik.com\/en\/wp-json\/wp\/v2\/product"}],"about":[{"href":"https:\/\/mgselektronik.com\/en\/wp-json\/wp\/v2\/types\/product"}],"wp:featuredmedia":[{"embeddable":true,"href":"https:\/\/mgselektronik.com\/en\/wp-json\/wp\/v2\/media\/632"}],"wp:attachment":[{"href":"https:\/\/mgselektronik.com\/en\/wp-json\/wp\/v2\/media?parent=631"}],"wp:term":[{"taxonomy":"product_cat","embeddable":true,"href":"https:\/\/mgselektronik.com\/en\/wp-json\/wp\/v2\/product_cat?post=631"},{"taxonomy":"product_tag","embeddable":true,"href":"https:\/\/mgselektronik.com\/en\/wp-json\/wp\/v2\/product_tag?post=631"}],"curies":[{"name":"wp","href":"https:\/\/api.w.org\/{rel}","templated":true}]}}