{"id":629,"date":"2021-11-29T09:29:09","date_gmt":"2021-11-29T06:29:09","guid":{"rendered":"http:\/\/studyoweb.com\/mgs\/?post_type=product&#038;p=629"},"modified":"2021-11-29T09:29:09","modified_gmt":"2021-11-29T06:29:09","slug":"fleetguard-hava-ic-filtresi-af26394","status":"publish","type":"product","link":"https:\/\/mgselektronik.com\/en\/urun\/fleetguard-hava-ic-filtresi-af26394\/","title":{"rendered":"FLEETGUARD HAVA \u0130\u00c7 F\u0130LTRES\u0130 AF26394"},"content":{"rendered":"<p><\/p>\n","protected":false},"excerpt":{"rendered":"","protected":false},"featured_media":630,"template":"","meta":[],"product_cat":[35,22],"product_tag":[],"_links":{"self":[{"href":"https:\/\/mgselektronik.com\/en\/wp-json\/wp\/v2\/product\/629"}],"collection":[{"href":"https:\/\/mgselektronik.com\/en\/wp-json\/wp\/v2\/product"}],"about":[{"href":"https:\/\/mgselektronik.com\/en\/wp-json\/wp\/v2\/types\/product"}],"wp:featuredmedia":[{"embeddable":true,"href":"https:\/\/mgselektronik.com\/en\/wp-json\/wp\/v2\/media\/630"}],"wp:attachment":[{"href":"https:\/\/mgselektronik.com\/en\/wp-json\/wp\/v2\/media?parent=629"}],"wp:term":[{"taxonomy":"product_cat","embeddable":true,"href":"https:\/\/mgselektronik.com\/en\/wp-json\/wp\/v2\/product_cat?post=629"},{"taxonomy":"product_tag","embeddable":true,"href":"https:\/\/mgselektronik.com\/en\/wp-json\/wp\/v2\/product_tag?post=629"}],"curies":[{"name":"wp","href":"https:\/\/api.w.org\/{rel}","templated":true}]}}