{"id":607,"date":"2021-11-29T08:30:13","date_gmt":"2021-11-29T05:30:13","guid":{"rendered":"http:\/\/studyoweb.com\/mgs\/?post_type=product&#038;p=607"},"modified":"2021-11-29T08:30:13","modified_gmt":"2021-11-29T05:30:13","slug":"donaldson-yag-filtresi-p550519","status":"publish","type":"product","link":"https:\/\/mgselektronik.com\/en\/urun\/donaldson-yag-filtresi-p550519\/","title":{"rendered":"DONALDSON YA\u011e F\u0130LTRES\u0130 P550519"},"content":{"rendered":"<p><\/p>\n","protected":false},"excerpt":{"rendered":"","protected":false},"featured_media":608,"template":"","meta":[],"product_cat":[34,22],"product_tag":[],"_links":{"self":[{"href":"https:\/\/mgselektronik.com\/en\/wp-json\/wp\/v2\/product\/607"}],"collection":[{"href":"https:\/\/mgselektronik.com\/en\/wp-json\/wp\/v2\/product"}],"about":[{"href":"https:\/\/mgselektronik.com\/en\/wp-json\/wp\/v2\/types\/product"}],"wp:featuredmedia":[{"embeddable":true,"href":"https:\/\/mgselektronik.com\/en\/wp-json\/wp\/v2\/media\/608"}],"wp:attachment":[{"href":"https:\/\/mgselektronik.com\/en\/wp-json\/wp\/v2\/media?parent=607"}],"wp:term":[{"taxonomy":"product_cat","embeddable":true,"href":"https:\/\/mgselektronik.com\/en\/wp-json\/wp\/v2\/product_cat?post=607"},{"taxonomy":"product_tag","embeddable":true,"href":"https:\/\/mgselektronik.com\/en\/wp-json\/wp\/v2\/product_tag?post=607"}],"curies":[{"name":"wp","href":"https:\/\/api.w.org\/{rel}","templated":true}]}}