{"id":582,"date":"2021-11-29T07:47:56","date_gmt":"2021-11-29T04:47:56","guid":{"rendered":"http:\/\/studyoweb.com\/mgs\/?post_type=product&#038;p=582"},"modified":"2021-11-29T07:47:56","modified_gmt":"2021-11-29T04:47:56","slug":"volvo-penta-yag-filtresi-3831236","status":"publish","type":"product","link":"https:\/\/mgselektronik.com\/en\/urun\/volvo-penta-yag-filtresi-3831236\/","title":{"rendered":"VOLVO PENTA YA\u011e F\u0130LTRES\u0130 3831236"},"content":{"rendered":"<p><\/p>\n","protected":false},"excerpt":{"rendered":"","protected":false},"featured_media":583,"template":"","meta":[],"product_cat":[22,24],"product_tag":[],"_links":{"self":[{"href":"https:\/\/mgselektronik.com\/en\/wp-json\/wp\/v2\/product\/582"}],"collection":[{"href":"https:\/\/mgselektronik.com\/en\/wp-json\/wp\/v2\/product"}],"about":[{"href":"https:\/\/mgselektronik.com\/en\/wp-json\/wp\/v2\/types\/product"}],"wp:featuredmedia":[{"embeddable":true,"href":"https:\/\/mgselektronik.com\/en\/wp-json\/wp\/v2\/media\/583"}],"wp:attachment":[{"href":"https:\/\/mgselektronik.com\/en\/wp-json\/wp\/v2\/media?parent=582"}],"wp:term":[{"taxonomy":"product_cat","embeddable":true,"href":"https:\/\/mgselektronik.com\/en\/wp-json\/wp\/v2\/product_cat?post=582"},{"taxonomy":"product_tag","embeddable":true,"href":"https:\/\/mgselektronik.com\/en\/wp-json\/wp\/v2\/product_tag?post=582"}],"curies":[{"name":"wp","href":"https:\/\/api.w.org\/{rel}","templated":true}]}}