{"id":505,"date":"2021-10-15T21:09:45","date_gmt":"2021-10-15T18:09:45","guid":{"rendered":"http:\/\/studyoweb.com\/mgs\/?post_type=product&#038;p=505"},"modified":"2021-10-15T21:09:45","modified_gmt":"2021-10-15T18:09:45","slug":"jcb-sinyal-kolu-en-em-2-6-8-fis-701-21202","status":"publish","type":"product","link":"https:\/\/mgselektronik.com\/en\/urun\/jcb-sinyal-kolu-en-em-2-6-8-fis-701-21202\/","title":{"rendered":"JCB S\u0130NYAL KOLU EN EM 2-6-8 F\u0130\u015e 701\/21202"},"content":{"rendered":"<p><\/p>\n","protected":false},"excerpt":{"rendered":"<p>JCB S\u0130NYAL KOLU EN EM 2-6-8 F\u0130\u015e 701\/21202<\/p>\n<p>JCB<\/p>\n","protected":false},"featured_media":506,"template":"","meta":[],"product_cat":[30],"product_tag":[],"_links":{"self":[{"href":"https:\/\/mgselektronik.com\/en\/wp-json\/wp\/v2\/product\/505"}],"collection":[{"href":"https:\/\/mgselektronik.com\/en\/wp-json\/wp\/v2\/product"}],"about":[{"href":"https:\/\/mgselektronik.com\/en\/wp-json\/wp\/v2\/types\/product"}],"wp:featuredmedia":[{"embeddable":true,"href":"https:\/\/mgselektronik.com\/en\/wp-json\/wp\/v2\/media\/506"}],"wp:attachment":[{"href":"https:\/\/mgselektronik.com\/en\/wp-json\/wp\/v2\/media?parent=505"}],"wp:term":[{"taxonomy":"product_cat","embeddable":true,"href":"https:\/\/mgselektronik.com\/en\/wp-json\/wp\/v2\/product_cat?post=505"},{"taxonomy":"product_tag","embeddable":true,"href":"https:\/\/mgselektronik.com\/en\/wp-json\/wp\/v2\/product_tag?post=505"}],"curies":[{"name":"wp","href":"https:\/\/api.w.org\/{rel}","templated":true}]}}