{"id":503,"date":"2021-10-15T21:08:46","date_gmt":"2021-10-15T18:08:46","guid":{"rendered":"http:\/\/studyoweb.com\/mgs\/?post_type=product&#038;p=503"},"modified":"2021-10-15T21:37:13","modified_gmt":"2021-10-15T18:37:13","slug":"80-jcb-vites-kolu-em-6-fis-kucuk-bas-701-52601-ae-09-10009","status":"publish","type":"product","link":"https:\/\/mgselektronik.com\/en\/urun\/80-jcb-vites-kolu-em-6-fis-kucuk-bas-701-52601-ae-09-10009\/","title":{"rendered":"JCB V\u0130TES KOLU EM 6 F\u0130\u015e K\u00dc\u00c7\u00dcK BA\u015e 701\/52601 &#8211; AE-09-10009"},"content":{"rendered":"<p><\/p>\n","protected":false},"excerpt":{"rendered":"<p>JCB V\u0130TES KOLU EM 6 F\u0130\u015e K\u00dc\u00c7\u00dcK BA\u015e 701\/52601 &#8211; AE-09-10009<\/p>\n<p>JCB<\/p>\n","protected":false},"featured_media":504,"template":"","meta":[],"product_cat":[30],"product_tag":[],"_links":{"self":[{"href":"https:\/\/mgselektronik.com\/en\/wp-json\/wp\/v2\/product\/503"}],"collection":[{"href":"https:\/\/mgselektronik.com\/en\/wp-json\/wp\/v2\/product"}],"about":[{"href":"https:\/\/mgselektronik.com\/en\/wp-json\/wp\/v2\/types\/product"}],"wp:featuredmedia":[{"embeddable":true,"href":"https:\/\/mgselektronik.com\/en\/wp-json\/wp\/v2\/media\/504"}],"wp:attachment":[{"href":"https:\/\/mgselektronik.com\/en\/wp-json\/wp\/v2\/media?parent=503"}],"wp:term":[{"taxonomy":"product_cat","embeddable":true,"href":"https:\/\/mgselektronik.com\/en\/wp-json\/wp\/v2\/product_cat?post=503"},{"taxonomy":"product_tag","embeddable":true,"href":"https:\/\/mgselektronik.com\/en\/wp-json\/wp\/v2\/product_tag?post=503"}],"curies":[{"name":"wp","href":"https:\/\/api.w.org\/{rel}","templated":true}]}}