{"id":501,"date":"2021-10-15T21:07:38","date_gmt":"2021-10-15T18:07:38","guid":{"rendered":"http:\/\/studyoweb.com\/mgs\/?post_type=product&#038;p=501"},"modified":"2021-10-15T21:37:22","modified_gmt":"2021-10-15T18:37:22","slug":"79-jcb-vites-kolu-em-6-fis-701-80296-ae-09-10010","status":"publish","type":"product","link":"https:\/\/mgselektronik.com\/en\/urun\/79-jcb-vites-kolu-em-6-fis-701-80296-ae-09-10010\/","title":{"rendered":"JCB V\u0130TES KOLU EM 6 F\u0130\u015e 701-80296 &#8211; AE-09-10010"},"content":{"rendered":"<p><\/p>\n","protected":false},"excerpt":{"rendered":"<p>JCB V\u0130TES KOLU EM 6 F\u0130\u015e 701\/80296 &#8211; AE-09-10010<\/p>\n<p>JCB<\/p>\n","protected":false},"featured_media":502,"template":"","meta":[],"product_cat":[30],"product_tag":[],"_links":{"self":[{"href":"https:\/\/mgselektronik.com\/en\/wp-json\/wp\/v2\/product\/501"}],"collection":[{"href":"https:\/\/mgselektronik.com\/en\/wp-json\/wp\/v2\/product"}],"about":[{"href":"https:\/\/mgselektronik.com\/en\/wp-json\/wp\/v2\/types\/product"}],"wp:featuredmedia":[{"embeddable":true,"href":"https:\/\/mgselektronik.com\/en\/wp-json\/wp\/v2\/media\/502"}],"wp:attachment":[{"href":"https:\/\/mgselektronik.com\/en\/wp-json\/wp\/v2\/media?parent=501"}],"wp:term":[{"taxonomy":"product_cat","embeddable":true,"href":"https:\/\/mgselektronik.com\/en\/wp-json\/wp\/v2\/product_cat?post=501"},{"taxonomy":"product_tag","embeddable":true,"href":"https:\/\/mgselektronik.com\/en\/wp-json\/wp\/v2\/product_tag?post=501"}],"curies":[{"name":"wp","href":"https:\/\/api.w.org\/{rel}","templated":true}]}}