{"id":499,"date":"2021-10-15T21:06:12","date_gmt":"2021-10-15T18:06:12","guid":{"rendered":"http:\/\/studyoweb.com\/mgs\/?post_type=product&#038;p=499"},"modified":"2021-10-15T21:38:29","modified_gmt":"2021-10-15T18:38:29","slug":"jcb-sinyal-kolu-11-fis-701-37702","status":"publish","type":"product","link":"https:\/\/mgselektronik.com\/en\/urun\/jcb-sinyal-kolu-11-fis-701-37702\/","title":{"rendered":"JCB S\u0130NYAL KOLU 11 F\u0130\u015e 701\/37702"},"content":{"rendered":"<p><\/p>\n","protected":false},"excerpt":{"rendered":"<p>78. JCB S\u0130NYAL KOLU 11 F\u0130\u015e 701\/37702 &#8211; AE-09-10012<\/p>\n<p>JCB<\/p>\n","protected":false},"featured_media":500,"template":"","meta":[],"product_cat":[30],"product_tag":[],"_links":{"self":[{"href":"https:\/\/mgselektronik.com\/en\/wp-json\/wp\/v2\/product\/499"}],"collection":[{"href":"https:\/\/mgselektronik.com\/en\/wp-json\/wp\/v2\/product"}],"about":[{"href":"https:\/\/mgselektronik.com\/en\/wp-json\/wp\/v2\/types\/product"}],"wp:featuredmedia":[{"embeddable":true,"href":"https:\/\/mgselektronik.com\/en\/wp-json\/wp\/v2\/media\/500"}],"wp:attachment":[{"href":"https:\/\/mgselektronik.com\/en\/wp-json\/wp\/v2\/media?parent=499"}],"wp:term":[{"taxonomy":"product_cat","embeddable":true,"href":"https:\/\/mgselektronik.com\/en\/wp-json\/wp\/v2\/product_cat?post=499"},{"taxonomy":"product_tag","embeddable":true,"href":"https:\/\/mgselektronik.com\/en\/wp-json\/wp\/v2\/product_tag?post=499"}],"curies":[{"name":"wp","href":"https:\/\/api.w.org\/{rel}","templated":true}]}}