{"id":416,"date":"2021-10-15T14:52:54","date_gmt":"2021-10-15T11:52:54","guid":{"rendered":"http:\/\/studyoweb.com\/mgs\/?post_type=product&#038;p=416"},"modified":"2021-10-15T14:52:54","modified_gmt":"2021-10-15T11:52:54","slug":"jcb-elektrikli-mazot-otomatigi-320-a7087","status":"publish","type":"product","link":"https:\/\/mgselektronik.com\/en\/urun\/jcb-elektrikli-mazot-otomatigi-320-a7087\/","title":{"rendered":"JCB ELEKTR\u0130KL\u0130 MAZOT OTOMAT\u0130\u011e\u0130  320-A7087"},"content":{"rendered":"<p><\/p>\n","protected":false},"excerpt":{"rendered":"<p>JCB ELEKTR\u0130KL\u0130 MAZOT OTOMAT\u0130\u011e\u0130  320\/A7087<\/p>\n<p>JCB<\/p>\n","protected":false},"featured_media":417,"template":"","meta":[],"product_cat":[30],"product_tag":[],"_links":{"self":[{"href":"https:\/\/mgselektronik.com\/en\/wp-json\/wp\/v2\/product\/416"}],"collection":[{"href":"https:\/\/mgselektronik.com\/en\/wp-json\/wp\/v2\/product"}],"about":[{"href":"https:\/\/mgselektronik.com\/en\/wp-json\/wp\/v2\/types\/product"}],"wp:featuredmedia":[{"embeddable":true,"href":"https:\/\/mgselektronik.com\/en\/wp-json\/wp\/v2\/media\/417"}],"wp:attachment":[{"href":"https:\/\/mgselektronik.com\/en\/wp-json\/wp\/v2\/media?parent=416"}],"wp:term":[{"taxonomy":"product_cat","embeddable":true,"href":"https:\/\/mgselektronik.com\/en\/wp-json\/wp\/v2\/product_cat?post=416"},{"taxonomy":"product_tag","embeddable":true,"href":"https:\/\/mgselektronik.com\/en\/wp-json\/wp\/v2\/product_tag?post=416"}],"curies":[{"name":"wp","href":"https:\/\/api.w.org\/{rel}","templated":true}]}}