{"id":410,"date":"2021-10-15T14:48:57","date_gmt":"2021-10-15T11:48:57","guid":{"rendered":"http:\/\/studyoweb.com\/mgs\/?post_type=product&#038;p=410"},"modified":"2021-10-15T14:48:57","modified_gmt":"2021-10-15T11:48:57","slug":"perkins-elektrikli-mazot-otomatigi-kisa-ulpk0039","status":"publish","type":"product","link":"https:\/\/mgselektronik.com\/en\/urun\/perkins-elektrikli-mazot-otomatigi-kisa-ulpk0039\/","title":{"rendered":"PERKINS ELEKTR\u0130KL\u0130 MAZOT OTOMAT\u0130\u011e\u0130 KISA ULPK0039"},"content":{"rendered":"<p><\/p>\n","protected":false},"excerpt":{"rendered":"<p>PERKINS ELEKTR\u0130KL\u0130 MAZOT OTOMAT\u0130\u011e\u0130 KISA ULPK0039<\/p>\n<p>PERKINS<\/p>\n","protected":false},"featured_media":411,"template":"","meta":[],"product_cat":[23],"product_tag":[],"_links":{"self":[{"href":"https:\/\/mgselektronik.com\/en\/wp-json\/wp\/v2\/product\/410"}],"collection":[{"href":"https:\/\/mgselektronik.com\/en\/wp-json\/wp\/v2\/product"}],"about":[{"href":"https:\/\/mgselektronik.com\/en\/wp-json\/wp\/v2\/types\/product"}],"wp:featuredmedia":[{"embeddable":true,"href":"https:\/\/mgselektronik.com\/en\/wp-json\/wp\/v2\/media\/411"}],"wp:attachment":[{"href":"https:\/\/mgselektronik.com\/en\/wp-json\/wp\/v2\/media?parent=410"}],"wp:term":[{"taxonomy":"product_cat","embeddable":true,"href":"https:\/\/mgselektronik.com\/en\/wp-json\/wp\/v2\/product_cat?post=410"},{"taxonomy":"product_tag","embeddable":true,"href":"https:\/\/mgselektronik.com\/en\/wp-json\/wp\/v2\/product_tag?post=410"}],"curies":[{"name":"wp","href":"https:\/\/api.w.org\/{rel}","templated":true}]}}