{"id":371,"date":"2021-10-15T14:18:57","date_gmt":"2021-10-15T11:18:57","guid":{"rendered":"http:\/\/studyoweb.com\/mgs\/?post_type=product&#038;p=371"},"modified":"2021-10-15T15:19:43","modified_gmt":"2021-10-15T12:19:43","slug":"16-jcb-hortum-yakit-otomatigi-hortumu-320-07052","status":"publish","type":"product","link":"https:\/\/mgselektronik.com\/en\/urun\/16-jcb-hortum-yakit-otomatigi-hortumu-320-07052\/","title":{"rendered":"JCB HORTUM YAKIT OTOMAT\u0130\u011e\u0130 HORTUMU 320\/07052"},"content":{"rendered":"<p><\/p>\n","protected":false},"excerpt":{"rendered":"<p>JCB HORTUM YAKIT OTOMAT\u0130\u011e\u0130 HORTUMU 320-07052<\/p>\n<p>3XC<br \/>\n4CX<\/p>\n","protected":false},"featured_media":372,"template":"","meta":[],"product_cat":[30],"product_tag":[],"_links":{"self":[{"href":"https:\/\/mgselektronik.com\/en\/wp-json\/wp\/v2\/product\/371"}],"collection":[{"href":"https:\/\/mgselektronik.com\/en\/wp-json\/wp\/v2\/product"}],"about":[{"href":"https:\/\/mgselektronik.com\/en\/wp-json\/wp\/v2\/types\/product"}],"wp:featuredmedia":[{"embeddable":true,"href":"https:\/\/mgselektronik.com\/en\/wp-json\/wp\/v2\/media\/372"}],"wp:attachment":[{"href":"https:\/\/mgselektronik.com\/en\/wp-json\/wp\/v2\/media?parent=371"}],"wp:term":[{"taxonomy":"product_cat","embeddable":true,"href":"https:\/\/mgselektronik.com\/en\/wp-json\/wp\/v2\/product_cat?post=371"},{"taxonomy":"product_tag","embeddable":true,"href":"https:\/\/mgselektronik.com\/en\/wp-json\/wp\/v2\/product_tag?post=371"}],"curies":[{"name":"wp","href":"https:\/\/api.w.org\/{rel}","templated":true}]}}