{"id":38,"date":"2021-09-02T01:31:41","date_gmt":"2021-09-01T22:31:41","guid":{"rendered":"http:\/\/studyoweb.com\/mgs\/?page_id=38"},"modified":"2021-12-03T14:56:04","modified_gmt":"2021-12-03T11:56:04","slug":"kalite-politikamiz","status":"publish","type":"page","link":"https:\/\/mgselektronik.com\/en\/kurumsal\/kalite-politikamiz\/","title":{"rendered":"OUR QUALITY POLICY"},"content":{"rendered":"<p>[vc_row][vc_column][vc_row_inner][vc_column_inner][vc_column_text]<\/p>\n<p class=\"font_8\">MGS Elektronik olarak kaliteli hizmet sunma yolundaki politikalar\u0131m\u0131z bize \u0131\u015f\u0131k tutar.<\/p>\n<ul class=\"font_8\">\n<li>\n<p class=\"font_8\">M\u00fc\u015fterilerimizin geli\u015fen talep ve beklentilerini kar\u015f\u0131lamak \u00fczere m\u00fc\u015fteri memnuniyeti ve g\u00fcven ilkelerini daima \u00f6n planda tutarak geli\u015fmeyi s\u00fcrekli k\u0131lar\u0131z;<\/p>\n<\/li>\n<li>\n<p class=\"font_8\">\u015eirket ve marka de\u011ferlerini en \u00fcst seviyede tutarak \u00e7al\u0131\u015fanlar\u0131m\u0131z\u0131n ki\u015fisel ve profesyonel becerilerini artt\u0131rmaya y\u00f6nelik faaliyetler sa\u011flayarak dinamik ve s\u00fcrekli kendini yenileyen bir \u00e7al\u0131\u015fma ortam\u0131 yarat\u0131r\u0131z;<\/p>\n<\/li>\n<li>\n<p class=\"font_8\">\u00c7evreye ve \u015firkete ait kaynaklar\u0131 efektif \u015fekilde kullanarak \u00e7evreyi koruruz,<\/p>\n<\/li>\n<li>\n<p class=\"font_8\">T\u00fcm \u00e7al\u0131\u015fmalar\u0131m\u0131zda d\u00fcr\u00fcstl\u00fck ve meslek ilkelerini en \u00f6n planda tutar\u0131z.<\/p>\n<\/li>\n<\/ul>\n<p>[\/vc_column_text][\/vc_column_inner][\/vc_row_inner][\/vc_column][\/vc_row]<\/p>\n","protected":false},"excerpt":{"rendered":"<p>[vc_row][vc_column][vc_row_inner][vc_column_inner][vc_column_text] MGS Elektronik olarak kaliteli hizmet sunma yolundaki politikalar\u0131m\u0131z bize \u0131\u015f\u0131k tutar. M\u00fc\u015fterilerimizin geli\u015fen talep ve beklentilerini kar\u015f\u0131lamak \u00fczere m\u00fc\u015fteri memnuniyeti ve g\u00fcven ilkelerini daima \u00f6n planda tutarak geli\u015fmeyi s\u00fcrekli k\u0131lar\u0131z; \u015eirket ve marka de\u011ferlerini en \u00fcst seviyede tutarak \u00e7al\u0131\u015fanlar\u0131m\u0131z\u0131n ki\u015fisel ve profesyonel becerilerini artt\u0131rmaya y\u00f6nelik faaliyetler sa\u011flayarak dinamik ve s\u00fcrekli kendini yenileyen bir \u00e7al\u0131\u015fma [&hellip;]<\/p>\n","protected":false},"author":1,"featured_media":0,"parent":34,"menu_order":0,"comment_status":"closed","ping_status":"closed","template":"","meta":[],"_links":{"self":[{"href":"https:\/\/mgselektronik.com\/en\/wp-json\/wp\/v2\/pages\/38"}],"collection":[{"href":"https:\/\/mgselektronik.com\/en\/wp-json\/wp\/v2\/pages"}],"about":[{"href":"https:\/\/mgselektronik.com\/en\/wp-json\/wp\/v2\/types\/page"}],"author":[{"embeddable":true,"href":"https:\/\/mgselektronik.com\/en\/wp-json\/wp\/v2\/users\/1"}],"replies":[{"embeddable":true,"href":"https:\/\/mgselektronik.com\/en\/wp-json\/wp\/v2\/comments?post=38"}],"version-history":[{"count":4,"href":"https:\/\/mgselektronik.com\/en\/wp-json\/wp\/v2\/pages\/38\/revisions"}],"predecessor-version":[{"id":698,"href":"https:\/\/mgselektronik.com\/en\/wp-json\/wp\/v2\/pages\/38\/revisions\/698"}],"up":[{"embeddable":true,"href":"https:\/\/mgselektronik.com\/en\/wp-json\/wp\/v2\/pages\/34"}],"wp:attachment":[{"href":"https:\/\/mgselektronik.com\/en\/wp-json\/wp\/v2\/media?parent=38"}],"curies":[{"name":"wp","href":"https:\/\/api.w.org\/{rel}","templated":true}]}}