{"id":36,"date":"2021-09-02T01:31:17","date_gmt":"2021-09-01T22:31:17","guid":{"rendered":"http:\/\/studyoweb.com\/mgs\/?page_id=36"},"modified":"2022-02-25T06:14:05","modified_gmt":"2022-02-25T03:14:05","slug":"hakkimizda","status":"publish","type":"page","link":"https:\/\/mgselektronik.com\/en\/kurumsal\/hakkimizda\/","title":{"rendered":"ABOUT US"},"content":{"rendered":"<p>[vc_row][vc_column][vc_row_inner][vc_column_inner][vc_column_text]<\/p>\n<p style=\"text-align: center;\">MGS Elektronik olarak 2006 y\u0131l\u0131 itibariyle sekt\u00f6re ba\u015flad\u0131k. Yapt\u0131\u011f\u0131m\u0131z ba\u015far\u0131l\u0131 \u00e7al\u0131\u015fmalar sonucunda jenerat\u00f6r, i\u015f makinas\u0131, marin motor yedek par\u00e7alar\u0131 sat\u0131\u015f\u0131 ve servisi olarak 2017 y\u0131l\u0131nda firmam\u0131z\u0131 daha \u00fcst seviyeye getirerek faaliyetlerimize h\u0131z kesmeden devam ediyoruz.<\/p>\n<p style=\"text-align: center;\">MGS Elektronik sat\u0131\u015f ve Sat\u0131\u015f Sonras\u0131 hizmetlerini m\u00fc\u015fteri memnuniyetini en \u00fcst d\u00fczeyde sa\u011flayacak \u015fekilde ger\u00e7ekle\u015ftiren; sosyal sorumluluk bilincine sahip, e\u011fitimli \u00e7al\u0131\u015fanlar\u0131, i\u015f ortaklar\u0131 ve m\u00fc\u015fterileri ile s\u00fcrekli geli\u015fen, yenilik\u00e7i, yarat\u0131c\u0131 ve g\u00fcvenilir bir hizmet \u015firketidir.<\/p>\n<p style=\"text-align: center;\">Tecr\u00fcbemiz ile kalite ve prestijimizden \u00f6d\u00fcn vermeden etkin rekabet\u00e7i yakla\u015f\u0131mlar ile k\u00e2rl\u0131l\u0131k hedeflerimize ula\u015fmay\u0131 ve Ege B\u00f6lgesinde lider bir firma olmay\u0131 hedeflemekteyiz.<\/p>\n<p>[\/vc_column_text][\/vc_column_inner][\/vc_row_inner][\/vc_column][\/vc_row]<\/p>\n","protected":false},"excerpt":{"rendered":"<p>[vc_row][vc_column][vc_row_inner][vc_column_inner][vc_column_text] MGS Elektronik olarak 2006 y\u0131l\u0131 itibariyle sekt\u00f6re ba\u015flad\u0131k. Yapt\u0131\u011f\u0131m\u0131z ba\u015far\u0131l\u0131 \u00e7al\u0131\u015fmalar sonucunda jenerat\u00f6r, i\u015f makinas\u0131, marin motor yedek par\u00e7alar\u0131 sat\u0131\u015f\u0131 ve servisi olarak 2017 y\u0131l\u0131nda firmam\u0131z\u0131 daha \u00fcst seviyeye getirerek faaliyetlerimize h\u0131z kesmeden devam ediyoruz. MGS Elektronik sat\u0131\u015f ve Sat\u0131\u015f Sonras\u0131 hizmetlerini m\u00fc\u015fteri memnuniyetini en \u00fcst d\u00fczeyde sa\u011flayacak \u015fekilde ger\u00e7ekle\u015ftiren; sosyal sorumluluk bilincine sahip, [&hellip;]<\/p>\n","protected":false},"author":1,"featured_media":0,"parent":34,"menu_order":0,"comment_status":"closed","ping_status":"closed","template":"","meta":[],"_links":{"self":[{"href":"https:\/\/mgselektronik.com\/en\/wp-json\/wp\/v2\/pages\/36"}],"collection":[{"href":"https:\/\/mgselektronik.com\/en\/wp-json\/wp\/v2\/pages"}],"about":[{"href":"https:\/\/mgselektronik.com\/en\/wp-json\/wp\/v2\/types\/page"}],"author":[{"embeddable":true,"href":"https:\/\/mgselektronik.com\/en\/wp-json\/wp\/v2\/users\/1"}],"replies":[{"embeddable":true,"href":"https:\/\/mgselektronik.com\/en\/wp-json\/wp\/v2\/comments?post=36"}],"version-history":[{"count":7,"href":"https:\/\/mgselektronik.com\/en\/wp-json\/wp\/v2\/pages\/36\/revisions"}],"predecessor-version":[{"id":764,"href":"https:\/\/mgselektronik.com\/en\/wp-json\/wp\/v2\/pages\/36\/revisions\/764"}],"up":[{"embeddable":true,"href":"https:\/\/mgselektronik.com\/en\/wp-json\/wp\/v2\/pages\/34"}],"wp:attachment":[{"href":"https:\/\/mgselektronik.com\/en\/wp-json\/wp\/v2\/media?parent=36"}],"curies":[{"name":"wp","href":"https:\/\/api.w.org\/{rel}","templated":true}]}}